{"id":1062,"date":"2015-08-27T12:56:43","date_gmt":"2015-08-27T10:56:43","guid":{"rendered":"http:\/\/wp12081566.server-he.de\/we-organize\/nl\/?page_id=1062"},"modified":"2016-02-23T18:00:50","modified_gmt":"2016-02-23T18:00:50","slug":"barcelona","status":"publish","type":"page","link":"https:\/\/www.we-organize.eu\/nl\/incentive-travel\/barcelona\/","title":{"rendered":"Barcelona"},"content":{"rendered":"[vc_row type=&#8221;full_width_background&#8221; scene_position=&#8221;center&#8221; text_color=&#8221;dark&#8221; text_align=&#8221;left&#8221; top_padding=&#8221;40&#8243; overlay_strength=&#8221;0.3&#8243;][vc_column column_padding=&#8221;no-extra-padding&#8221; column_padding_position=&#8221;all&#8221; background_color_opacity=&#8221;1&#8243; background_hover_color_opacity=&#8221;1&#8243; width=&#8221;1\/1&#8243;][vc_column_text css=&#8221;.vc_custom_1439289098726{padding-bottom: 5px !important;}&#8221;]\n<h1 style=\"text-align: center;\">BARCELONA<\/h1>\n[\/vc_column_text][vc_column_text el_class=&#8221;kurz&#8221;]\n<hr \/>\n[\/vc_column_text][\/vc_column][\/vc_row][vc_row type=&#8221;full_width_background&#8221; scene_position=&#8221;center&#8221; text_color=&#8221;dark&#8221; text_align=&#8221;left&#8221; top_padding=&#8221;30&#8243; overlay_strength=&#8221;0.3&#8243;][vc_column column_padding=&#8221;padding-2-percent&#8221; column_padding_position=&#8221;all&#8221; background_color_opacity=&#8221;1&#8243; background_hover_color_opacity=&#8221;1&#8243; width=&#8221;1\/2&#8243;][vc_column_text]\n<p style=\"text-align: justify;\">Barcelona is \u00e9\u00e9n van de populairste steden van Europa! De combinatie van zon, zee, cultuur en tapas maken deze stad tot een bruisende metropool. De stad is bekend om de vele bouwwerken van architect Gaud\u00ed. Zijn kleurrijke moza\u00efeken pronken op veel gebouwen in de stad en de bekende Sagrada Familia is \u00e9\u00e9n van de topattracties. Daarnaast is de Gotische wijk ook \u00e9\u00e9n van de trekpleisters van de stad. De smalle straatjes en de schitterende kathedraal zijn zeker de moeite waard om te bekijken. Er is meer dan genoeg te doen in deze veelzijdige stad. Hieronder een greep uit de mogelijkheden tijdens een incentive in Barcelona.<\/p>\n[\/vc_column_text][vc_column_text css=&#8221;.vc_custom_1439388675581{padding-top: 40px !important;}&#8221;]\n<p style=\"text-align: justify;\">Denk ook aan andere Spaanse steden als Valencia, Madrid, Sevilla, Malaga of Marbella, voor een onvergetelijke dag! Heeft u nog vragen? Neem gerust contact met ons op en wij helpen u verder.<\/p>\n[\/vc_column_text][\/vc_column][vc_column column_padding=&#8221;padding-2-percent&#8221; column_padding_position=&#8221;all&#8221; background_color_opacity=&#8221;1&#8243; background_hover_color_opacity=&#8221;1&#8243; width=&#8221;1\/2&#8243;][vc_column_text]\n<ul>\n<li>De stad op een leuke manier verkennen doet u op de oer-Hollandse manier, namelijk per fiets!<\/li>\n<li>Of gaat u liever per scooter of Segway?<\/li>\n<li>Diverse tapas proeven tijdens een echte tapastour<\/li>\n<li>Dansen met de voeten in het Spaanse zand tijdens een\u00a0beach party<\/li>\n<li>Zelf tapas of paella\u00a0maken onder het genot van een wijntje\u00a0tijdens een kookworkshop<\/li>\n<li>Cava\u00a0proeverij en rondeiding door een wijngaard<\/li>\n<li>Zelf uw cocktails shaken tijdens een\u00a0cocktailworkshop<\/li>\n<li>Dineren tijdens een typisch Spaanse Flamenco show<\/li>\n<li>Ontspannen op het water tijdens een catamaran tocht<\/li>\n<li>Salsa workshop<\/li>\n<li>Een gezellige Barbecue op het strand, met als afsluiting een beachparty<\/li>\n<li>Transfer per limousine of old timers naar\u00a0uw restaurant of club<\/li>\n<li>Rondleiding door het imposante Nou Camp stadion van FC Barcelona<\/li>\n<li>Bezoek een wedstrijd van FC Barcelona,\u00a0bekijk hier de Spaanse voetbalkalender<\/li>\n<li>Tevens wordt jaarlijks de Formule 1 Grand Prix van Spanje verreden in Barcelona. Bekijk hier de Formule 1 kalender<\/li>\n<li>Barcelona heeft ook een bruisend uitgaansleven met veel trendy clubs, waar u\u00a0zich tot in de vroege uurtjes kunt<\/li>\n<\/ul>\n[\/vc_column_text][\/vc_column][\/vc_row][vc_row type=&#8221;in_container&#8221; scene_position=&#8221;center&#8221; text_color=&#8221;dark&#8221; text_align=&#8221;left&#8221; top_padding=&#8221;40&#8243; bottom_padding=&#8221;40&#8243; overlay_strength=&#8221;0.3&#8243;][vc_column column_padding=&#8221;no-extra-padding&#8221; column_padding_position=&#8221;all&#8221; background_color_opacity=&#8221;1&#8243; background_hover_color_opacity=&#8221;1&#8243; width=&#8221;1\/3&#8243;][image_with_animation image_url=&#8221;1307&#8243; alignment=&#8221;center&#8221; animation=&#8221;Fade In&#8221;][\/vc_column][vc_column column_padding=&#8221;no-extra-padding&#8221; column_padding_position=&#8221;all&#8221; background_color_opacity=&#8221;1&#8243; background_hover_color_opacity=&#8221;1&#8243; width=&#8221;1\/3&#8243;][image_with_animation image_url=&#8221;1305&#8243; alignment=&#8221;center&#8221; animation=&#8221;Fade In&#8221;][\/vc_column][vc_column column_padding=&#8221;no-extra-padding&#8221; column_padding_position=&#8221;all&#8221; background_color_opacity=&#8221;1&#8243; background_hover_color_opacity=&#8221;1&#8243; width=&#8221;1\/3&#8243;][image_with_animation image_url=&#8221;1309&#8243; alignment=&#8221;center&#8221; animation=&#8221;Fade In&#8221;][\/vc_column][\/vc_row][vc_row type=&#8221;in_container&#8221; scene_position=&#8221;center&#8221; text_color=&#8221;dark&#8221; text_align=&#8221;left&#8221; overlay_strength=&#8221;0.3&#8243;][vc_column centered_text=&#8221;true&#8221; column_padding=&#8221;no-extra-padding&#8221; column_padding_position=&#8221;all&#8221; background_color_opacity=&#8221;1&#8243; background_hover_color_opacity=&#8221;1&#8243; width=&#8221;1\/1&#8243;][vc_column_text css=&#8221;.vc_custom_1439293591902{padding-bottom: 30px !important;}&#8221;]\n<hr \/>\n[\/vc_column_text][vc_column_text]\n<h2 style=\"text-align: center;\">Meer informatie<\/h2>\n[\/vc_column_text][vc_column_text css=&#8221;.vc_custom_1446725204388{padding-bottom: 30px !important;}&#8221;]\n<p style=\"text-align: center;\">Laat een bericht achter en wij nemen contact met u op.<\/p>\n[\/vc_column_text]\n<div class=\"wpcf7 no-js\" id=\"wpcf7-f1195-o1\" lang=\"nl-NL\" dir=\"ltr\" data-wpcf7-id=\"1195\">\n<div class=\"screen-reader-response\"><p role=\"status\" aria-live=\"polite\" aria-atomic=\"true\"><\/p> <ul><\/ul><\/div>\n<form action=\"\/nl\/wp-json\/wp\/v2\/pages\/1062#wpcf7-f1195-o1\" method=\"post\" class=\"wpcf7-form init\" aria-label=\"Contactformulier\" novalidate=\"novalidate\" data-status=\"init\">\n<fieldset class=\"hidden-fields-container\"><input type=\"hidden\" name=\"_wpcf7\" value=\"1195\" \/><input type=\"hidden\" name=\"_wpcf7_version\" value=\"6.1.5\" \/><input type=\"hidden\" name=\"_wpcf7_locale\" value=\"nl_NL\" \/><input type=\"hidden\" name=\"_wpcf7_unit_tag\" value=\"wpcf7-f1195-o1\" \/><input type=\"hidden\" name=\"_wpcf7_container_post\" value=\"0\" \/><input type=\"hidden\" name=\"_wpcf7_posted_data_hash\" value=\"\" \/><input type=\"hidden\" name=\"_wpcf7_recaptcha_response\" value=\"\" \/>\n<\/fieldset>\n<div id=\"responsive-form\" class=\"clearfix\">\n\t<div class=\"form-row\">\n\t\t<div class=\"column-half\">\n\t\t\t<p><span class=\"wpcf7-form-control-wrap\" data-name=\"text-646\"><input size=\"40\" maxlength=\"400\" class=\"wpcf7-form-control wpcf7-text wpcf7-validates-as-required\" aria-required=\"true\" aria-invalid=\"false\" placeholder=\"Voornaam\" value=\"\" type=\"text\" name=\"text-646\" \/><\/span>\n\t\t\t<\/p>\n\t\t<\/div>\n\t\t<div class=\"column-half\">\n\t\t\t<p><span class=\"wpcf7-form-control-wrap\" data-name=\"text-61\"><input size=\"40\" maxlength=\"400\" class=\"wpcf7-form-control wpcf7-text wpcf7-validates-as-required\" aria-required=\"true\" aria-invalid=\"false\" placeholder=\"Achternaam\" value=\"\" type=\"text\" name=\"text-61\" \/><\/span>\n\t\t\t<\/p>\n\t\t<\/div>\n\t<\/div>\n\t<div class=\"form-row\">\n\t\t<div class=\"column-half\">\n\t\t\t<p><span class=\"wpcf7-form-control-wrap\" data-name=\"tel-773\"><input size=\"40\" maxlength=\"400\" class=\"wpcf7-form-control wpcf7-tel wpcf7-validates-as-required wpcf7-text wpcf7-validates-as-tel\" aria-required=\"true\" aria-invalid=\"false\" placeholder=\"Telefoonnummer\" value=\"\" type=\"tel\" name=\"tel-773\" \/><\/span>\n\t\t\t<\/p>\n\t\t<\/div>\n\t\t<div class=\"column-half\">\n\t\t\t<p><span class=\"wpcf7-form-control-wrap\" data-name=\"email-97\"><input size=\"40\" maxlength=\"400\" class=\"wpcf7-form-control wpcf7-email wpcf7-validates-as-required wpcf7-text wpcf7-validates-as-email\" aria-required=\"true\" aria-invalid=\"false\" placeholder=\"Email\" value=\"\" type=\"email\" name=\"email-97\" \/><\/span>\n\t\t\t<\/p>\n\t\t<\/div>\n\t<\/div>\n\t<div class=\"form-row\">\n\t\t<div class=\"column-full\">\n\t\t\t<font color=\"#8b8b8b\">Hoe bent u bij ons terecht gekomen?\n\t\t\t<\/font>\n\t\t\t<p><span class=\"wpcf7-form-control-wrap\" data-name=\"menu-676\"><select class=\"wpcf7-form-control wpcf7-select\" aria-invalid=\"false\" name=\"menu-676\"><option value=\"\">&#8212;Kies een optie&#8212;<\/option><option value=\"Google\">Google<\/option><option value=\"Facebook\">Facebook<\/option><option value=\"LinkedIn\">LinkedIn<\/option><option value=\"Vrienden\">Vrienden<\/option><option value=\"Pers\">Pers<\/option><option value=\"Anderen\">Anderen<\/option><\/select><\/span>\n\t\t\t<\/p>\n\t\t<\/div>\n\t<\/div>\n\t<div class=\"form-row\">\n\t\t<div class=\"column-full\">\n\t\t\t<p><span class=\"wpcf7-form-control-wrap\" data-name=\"textarea-42\"><textarea cols=\"40\" rows=\"10\" maxlength=\"2000\" class=\"wpcf7-form-control wpcf7-textarea wpcf7-validates-as-required\" aria-required=\"true\" aria-invalid=\"false\" placeholder=\"Uw bericht\" name=\"textarea-42\"><\/textarea><\/span>\n\t\t\t<\/p>\n\t\t<\/div>\n\t<\/div>\n\t<div class=\"form-row\">\n\t\t<div class=\"column-full\">\n\t\t\t<p><input class=\"wpcf7-form-control wpcf7-submit has-spinner\" type=\"submit\" value=\"Verzenden\" \/>\n\t\t\t<\/p>\n\t\t<\/div>\n\t<\/div>\n<\/div><!--end responsive-form--><p style=\"display: none !important;\" class=\"akismet-fields-container\" data-prefix=\"_wpcf7_ak_\"><label>&#916;<textarea name=\"_wpcf7_ak_hp_textarea\" cols=\"45\" rows=\"8\" maxlength=\"100\"><\/textarea><\/label><input type=\"hidden\" id=\"ak_js_1\" name=\"_wpcf7_ak_js\" value=\"12\"\/><script>document.getElementById( \"ak_js_1\" ).setAttribute( \"value\", ( new Date() ).getTime() );<\/script><\/p><div class=\"wpcf7-response-output\" aria-hidden=\"true\"><\/div>\n<\/form>\n<\/div>\n[\/vc_column][\/vc_row]\n","protected":false},"excerpt":{"rendered":"<p>[vc_row type=&#8221;full_width_background&#8221; scene_position=&#8221;center&#8221; text_color=&#8221;dark&#8221; text_align=&#8221;left&#8221; top_padding=&#8221;40&#8243; overlay_strength=&#8221;0.3&#8243;][vc_column column_padding=&#8221;no-extra-padding&#8221; column_padding_position=&#8221;all&#8221; background_color_opacity=&#8221;1&#8243; background_hover_color_opacity=&#8221;1&#8243; width=&#8221;1\/1&#8243;][vc_column_text css=&#8221;.vc_custom_1439289098726{padding-bottom: 5px !important;}&#8221;] BARCELONA [\/vc_column_text][vc_column_text el_class=&#8221;kurz&#8221;] [\/vc_column_text][\/vc_column][\/vc_row][vc_row type=&#8221;full_width_background&#8221; scene_position=&#8221;center&#8221; text_color=&#8221;dark&#8221; text_align=&#8221;left&#8221; top_padding=&#8221;30&#8243; overlay_strength=&#8221;0.3&#8243;][vc_column column_padding=&#8221;padding-2-percent&#8221; column_padding_position=&#8221;all&#8221; background_color_opacity=&#8221;1&#8243; background_hover_color_opacity=&#8221;1&#8243; width=&#8221;1\/2&#8243;][vc_column_text]&#8230;<\/p>\n","protected":false},"author":1,"featured_media":0,"parent":1060,"menu_order":0,"comment_status":"open","ping_status":"open","template":"","meta":{"_monsterinsights_skip_tracking":false,"_monsterinsights_sitenote_active":false,"_monsterinsights_sitenote_note":"","_monsterinsights_sitenote_category":0,"footnotes":""},"class_list":["post-1062","page","type-page","status-publish"],"_links":{"self":[{"href":"https:\/\/www.we-organize.eu\/nl\/wp-json\/wp\/v2\/pages\/1062","targetHints":{"allow":["GET"]}}],"collection":[{"href":"https:\/\/www.we-organize.eu\/nl\/wp-json\/wp\/v2\/pages"}],"about":[{"href":"https:\/\/www.we-organize.eu\/nl\/wp-json\/wp\/v2\/types\/page"}],"author":[{"embeddable":true,"href":"https:\/\/www.we-organize.eu\/nl\/wp-json\/wp\/v2\/users\/1"}],"replies":[{"embeddable":true,"href":"https:\/\/www.we-organize.eu\/nl\/wp-json\/wp\/v2\/comments?post=1062"}],"version-history":[{"count":4,"href":"https:\/\/www.we-organize.eu\/nl\/wp-json\/wp\/v2\/pages\/1062\/revisions"}],"predecessor-version":[{"id":1335,"href":"https:\/\/www.we-organize.eu\/nl\/wp-json\/wp\/v2\/pages\/1062\/revisions\/1335"}],"up":[{"embeddable":true,"href":"https:\/\/www.we-organize.eu\/nl\/wp-json\/wp\/v2\/pages\/1060"}],"wp:attachment":[{"href":"https:\/\/www.we-organize.eu\/nl\/wp-json\/wp\/v2\/media?parent=1062"}],"curies":[{"name":"wp","href":"https:\/\/api.w.org\/{rel}","templated":true}]}}